{"id":417,"date":"2025-04-13T21:56:24","date_gmt":"2025-04-14T01:56:24","guid":{"rendered":"https:\/\/www.boitiersta.com\/politique-de-confidentialite\/"},"modified":"2025-05-17T23:57:49","modified_gmt":"2025-05-18T03:57:49","slug":"privacy-policy","status":"publish","type":"page","link":"https:\/\/www.boitiersta.com\/en\/privacy-policy\/","title":{"rendered":"Privacy policy"},"content":{"rendered":"<p>[et_pb_section fb_built=&#8221;1&#8243; _builder_version=&#8221;4.27.4&#8243; _module_preset=&#8221;default&#8221; background_image=&#8221;https:\/\/www.boitiersta.com\/wp-content\/uploads\/2025\/04\/bg.png&#8221; parallax=&#8221;on&#8221; custom_margin=&#8221;0px||0px||false|false&#8221; custom_padding=&#8221;20px||20px||false|false&#8221; locked=&#8221;off&#8221; global_colors_info=&#8221;{}&#8221;][et_pb_row _builder_version=&#8221;4.27.4&#8243; _module_preset=&#8221;default&#8221; global_colors_info=&#8221;{}&#8221;][et_pb_column type=&#8221;4_4&#8243; _builder_version=&#8221;4.27.4&#8243; _module_preset=&#8221;default&#8221; global_colors_info=&#8221;{}&#8221;][et_pb_post_title meta=&#8221;off&#8221; featured_image=&#8221;off&#8221; _builder_version=&#8221;4.27.4&#8243; _module_preset=&#8221;default&#8221; title_font=&#8221;|700||on|||||&#8221; title_text_color=&#8221;#0066cc&#8221; title_font_size=&#8221;40px&#8221; global_colors_info=&#8221;{}&#8221;][\/et_pb_post_title][\/et_pb_column][\/et_pb_row][\/et_pb_section][et_pb_section fb_built=&#8221;1&#8243; _builder_version=&#8221;4.16&#8243; collapsed=&#8221;on&#8221; global_colors_info=&#8221;{}&#8221;][et_pb_row _builder_version=&#8221;4.16&#8243; background_size=&#8221;initial&#8221; background_position=&#8221;top_left&#8221; background_repeat=&#8221;repeat&#8221; global_colors_info=&#8221;{}&#8221;][et_pb_column type=&#8221;4_4&#8243; _builder_version=&#8221;4.16&#8243; custom_padding=&#8221;|||&#8221; global_colors_info=&#8221;{}&#8221; custom_padding__hover=&#8221;|||&#8221;][et_pb_text _builder_version=&#8221;4.27.4&#8243; text_font=&#8221;Arial||||||||&#8221; text_font_size=&#8221;18px&#8221; text_line_height=&#8221;1.8em&#8221; header_2_font=&#8221;Arial|600||on|||||&#8221; header_2_text_color=&#8221;#0066cc&#8221; header_2_font_size=&#8221;32px&#8221; header_3_font=&#8221;Arial|600||on|||||&#8221; header_3_text_color=&#8221;#0066cc&#8221; header_3_font_size=&#8221;20px&#8221; hover_enabled=&#8221;0&#8243; global_colors_info=&#8221;{}&#8221; sticky_enabled=&#8221;0&#8243;]<\/p>\n<p><!-- divi:heading --><\/p>\n<p>The purpose of this privacy policy is to inform users of our site www.boitiersta.com about the personal data we collect and how we use it.<\/p>\n<p><strong>Bo\u00eetiers STA<\/strong> inc. complies strictly with Quebec&#8217;s Bill 25 regarding the protection of personal information.<\/p>\n<p>This privacy policy also details our commitment and the measures taken to ensure the security of your personal information:<\/p>\n<ol>\n<li>Types of personal data collected<\/li>\n<li>Use of personal data collected<\/li>\n<li>Data security protocols<\/li>\n<li>Your rights<\/li>\n<\/ol>\n<h2>Types of personal information collected<\/h2>\n<h3>Data collected automatically<\/h3>\n<p>When you visit www.boitiersta.com, we automatically collect information about your device and your interaction with our site via the Google Analytics tool.<\/p>\n<p>This includes the following data:<\/p>\n<ul>\n<li>IP Address<\/li>\n<li>Location<\/li>\n<li>Hardware and software details<\/li>\n<li>Content the user views on our site<\/li>\n<li>Links a user clicks on while visiting the site<\/li>\n<\/ul>\n<h3>Personal data not collected automatically<\/h3>\n<p>Your personal data is collected via :<\/p>\n<ul>\n<li>Contact form<\/li>\n<\/ul>\n<p>This includes the following data:<\/p>\n<ul>\n<li>First name<\/li>\n<li>Last Name<\/li>\n<li>E-mail address<\/li>\n<li>Cell phone number<\/li>\n<\/ul>\n<h3>Use of personal information collected<\/h3>\n<p>Please note that we only collect data that helps us achieve the purpose stated in this privacy policy. We will not collect any additional data without informing you first.<\/p>\n<p>We use this data to:<\/p>\n<ul>\n<li>Execute contracts<\/li>\n<\/ul>\n<h3>Safety measures<\/h3>\n<p>Your data is stored in a secure, controlled environment. We use SSL protocols and robust security measures to prevent unauthorized access.<\/p>\n<p>We will not sell or share your data with third parties except as required by law or in the event of legal proceedings.<\/p>\n<p>We may disclose to any member of our organization such user data as they reasonably require to carry out the purposes set out in this policy.<\/p>\n<h3>International transfer<\/h3>\n<p>User data may be consulted, processed or collected in the following countries:<\/p>\n<ul>\n<li>Canada<\/li>\n<\/ul>\n<h3>Duration of use of personal data<\/h3>\n<p>We store personal data for a period of 60 days. We will ensure that users are notified if their data is stored for longer than this period.<\/p>\n<h3>In the event of a data leak<\/h3>\n<p>In the event of a leak of your personal data, we undertake to keep you and the Commission d&#8217;Acc\u00e8s \u00e0 l&#8217;Information du Qu\u00e9bec informed.<\/p>\n<h2>Your rights<\/h2>\n<h3>User rights<\/h3>\n<p>If you are a resident of Quebec, in accordance with Bill 25, you have specific rights regarding your personal data:<\/p>\n<ul>\n<li>Right to be informed<\/li>\n<li>Right of access<\/li>\n<li>Right to rectification<\/li>\n<li>Right to data portability<\/li>\n<\/ul>\n<p>You have the right to object to the use of your data and to withdraw it.<\/p>\n<p>To exercise these rights, please contact our Data Protection Officer:<\/p>\n<p>Address: 815, rue Bombardier, Unit\u00e9 9, Mascouche (Qu\u00e9bec) J7K 3E6<br \/>Email : karianne@boitiersta.com<br \/>Telephone : 450-434-2618<br \/>Website : www.boitiersta.com<\/p>\n<h3>Right of access and rectification<\/h3>\n<p>You may consult, modify or delete your data. To do so, please use the same contact details as above.<\/p>\n<h2>Consent and withdrawal<\/h2>\n<p>You can visit our site without revealing your identity. However, some features require the collection of personal data. You always have the choice not to provide this information.<\/p>\n<h2>Minors<\/h2>\n<p>Bill 25 specifies that persons under the age of 14 are considered minors for the purposes of data collection. Their personal information may not be collected from them without the consent of the holder of parental authority or guardian, except where such collection is clearly for the benefit of the minor.<\/p>\n<h2>External links<\/h2>\n<p>Our site may contain links to other websites. We are not responsible for their privacy practices.<\/p>\n<h2>Contact<\/h2>\n<p>Our privacy policy was last updated on 16\/09\/2024. If you have any questions about this privacy policy, you can contact us via karianne@boitiersta.com.<\/p>\n<p>By using our site www.boitiersta.com, you agree to the terms of this privacy policy.<\/p>\n<p><!-- \/divi:paragraph --><\/p>\n<p>[\/et_pb_text][\/et_pb_column][\/et_pb_row][\/et_pb_section]<\/p>\n","protected":false},"excerpt":{"rendered":"<p>The purpose of this privacy policy is to inform users of our site www.boitiersta.com about the personal data we collect and how we use it. Bo\u00eetiers STA inc. complies strictly with Quebec&#8217;s Bill 25 regarding the protection of personal information. This privacy policy also details our commitment and the measures taken to ensure the security [&hellip;]<\/p>\n","protected":false},"author":1,"featured_media":0,"parent":0,"menu_order":0,"comment_status":"closed","ping_status":"open","template":"","meta":{"_et_pb_use_builder":"on","_et_pb_old_content":"<!-- wp:heading -->\n<h2 class=\"wp-block-heading\">Qui sommes-nous\u00a0?<\/h2>\n<!-- \/wp:heading -->\n<!-- wp:paragraph -->\n<p><strong class=\"privacy-policy-tutorial\">Texte sugg\u00e9r\u00e9\u00a0: <\/strong>L\u2019adresse de notre site est\u00a0: https:\/\/www.boitiersta.com.<\/p>\n<!-- \/wp:paragraph -->\n<!-- wp:heading -->\n<h2 class=\"wp-block-heading\">Commentaires<\/h2>\n<!-- \/wp:heading -->\n<!-- wp:paragraph -->\n<p><strong class=\"privacy-policy-tutorial\">Texte sugg\u00e9r\u00e9\u00a0: <\/strong>Quand vous laissez un commentaire sur notre site, les donn\u00e9es inscrites dans le formulaire de commentaire, ainsi que votre adresse IP et l\u2019agent utilisateur de votre navigateur sont collect\u00e9s pour nous aider \u00e0 la d\u00e9tection des commentaires ind\u00e9sirables.<\/p>\n<!-- \/wp:paragraph -->\n<!-- wp:paragraph -->\n<p>Une cha\u00eene anonymis\u00e9e cr\u00e9\u00e9e \u00e0 partir de votre adresse e-mail (\u00e9galement appel\u00e9e hash) peut \u00eatre envoy\u00e9e au service Gravatar pour v\u00e9rifier si vous utilisez ce dernier. Les clauses de confidentialit\u00e9 du service Gravatar sont disponibles ici\u00a0: https:\/\/automattic.com\/privacy\/. Apr\u00e8s validation de votre commentaire, votre photo de profil sera visible publiquement \u00e0 cot\u00e9 de votre commentaire.<\/p>\n<!-- \/wp:paragraph -->\n<!-- wp:heading -->\n<h2 class=\"wp-block-heading\">M\u00e9dias<\/h2>\n<!-- \/wp:heading -->\n<!-- wp:paragraph -->\n<p><strong class=\"privacy-policy-tutorial\">Texte sugg\u00e9r\u00e9\u00a0: <\/strong>Si vous t\u00e9l\u00e9versez des images sur le site, nous vous conseillons d\u2019\u00e9viter de t\u00e9l\u00e9verser des images contenant des donn\u00e9es EXIF de coordonn\u00e9es GPS. Les personnes visitant votre site peuvent t\u00e9l\u00e9charger et extraire des donn\u00e9es de localisation depuis ces images.<\/p>\n<!-- \/wp:paragraph -->\n<!-- wp:heading -->\n<h2 class=\"wp-block-heading\">Cookies<\/h2>\n<!-- \/wp:heading -->\n<!-- wp:paragraph -->\n<p><strong class=\"privacy-policy-tutorial\">Texte sugg\u00e9r\u00e9\u00a0: <\/strong>Si vous d\u00e9posez un commentaire sur notre site, il vous sera propos\u00e9 d\u2019enregistrer votre nom, adresse e-mail et site dans des cookies. C\u2019est uniquement pour votre confort afin de ne pas avoir \u00e0 saisir ces informations si vous d\u00e9posez un autre commentaire plus tard. Ces cookies expirent au bout d\u2019un an.<\/p>\n<!-- \/wp:paragraph -->\n<!-- wp:paragraph -->\n<p>Si vous vous rendez sur la page de connexion, un cookie temporaire sera cr\u00e9\u00e9 afin de d\u00e9terminer si votre navigateur accepte les cookies. Il ne contient pas de donn\u00e9es personnelles et sera supprim\u00e9 automatiquement \u00e0 la fermeture de votre navigateur.<\/p>\n<!-- \/wp:paragraph -->\n<!-- wp:paragraph -->\n<p>Lorsque vous vous connecterez, nous mettrons en place un certain nombre de cookies pour enregistrer vos informations de connexion et vos pr\u00e9f\u00e9rences d\u2019\u00e9cran. La dur\u00e9e de vie d\u2019un cookie de connexion est de deux jours, celle d\u2019un cookie d\u2019option d\u2019\u00e9cran est d\u2019un an. Si vous cochez \u00ab\u00a0Se souvenir de moi\u00a0\u00bb, votre cookie de connexion sera conserv\u00e9 pendant deux semaines. Si vous vous d\u00e9connectez de votre compte, le cookie de connexion sera effac\u00e9.<\/p>\n<!-- \/wp:paragraph -->\n<!-- wp:paragraph -->\n<p>En modifiant ou en publiant une publication, un cookie suppl\u00e9mentaire sera enregistr\u00e9 dans votre navigateur. Ce cookie ne comprend aucune donn\u00e9e personnelle. Il indique simplement l\u2019ID de la publication que vous venez de modifier. Il expire au bout d\u2019un jour.<\/p>\n<!-- \/wp:paragraph -->\n<!-- wp:heading -->\n<h2 class=\"wp-block-heading\">Contenu embarqu\u00e9 depuis d\u2019autres sites<\/h2>\n<!-- \/wp:heading -->\n<!-- wp:paragraph -->\n<p><strong class=\"privacy-policy-tutorial\">Texte sugg\u00e9r\u00e9\u00a0: <\/strong>Les articles de ce site peuvent inclure des contenus int\u00e9gr\u00e9s (par exemple des vid\u00e9os, images, articles\u2026). Le contenu int\u00e9gr\u00e9 depuis d\u2019autres sites se comporte de la m\u00eame mani\u00e8re que si le visiteur se rendait sur cet autre site.<\/p>\n<!-- \/wp:paragraph -->\n<!-- wp:paragraph -->\n<p>Ces sites web pourraient collecter des donn\u00e9es sur vous, utiliser des cookies, embarquer des outils de suivis tiers, suivre vos interactions avec ces contenus embarqu\u00e9s si vous disposez d\u2019un compte connect\u00e9 sur leur site web.<\/p>\n<!-- \/wp:paragraph -->\n<!-- wp:heading -->\n<h2 class=\"wp-block-heading\">Utilisation et transmission de vos donn\u00e9es personnelles<\/h2>\n<!-- \/wp:heading -->\n<!-- wp:paragraph -->\n<p><strong class=\"privacy-policy-tutorial\">Texte sugg\u00e9r\u00e9\u00a0: <\/strong>Si vous demandez une r\u00e9initialisation de votre mot de passe, votre adresse IP sera incluse dans l\u2019e-mail de r\u00e9initialisation.<\/p>\n<!-- \/wp:paragraph -->\n<!-- wp:heading -->\n<h2 class=\"wp-block-heading\">Dur\u00e9es de stockage de vos donn\u00e9es<\/h2>\n<!-- \/wp:heading -->\n<!-- wp:paragraph -->\n<p><strong class=\"privacy-policy-tutorial\">Texte sugg\u00e9r\u00e9\u00a0: <\/strong>Si vous laissez un commentaire, le commentaire et ses m\u00e9tadonn\u00e9es sont conserv\u00e9s ind\u00e9finiment. Cela permet de reconna\u00eetre et approuver automatiquement les commentaires suivants au lieu de les laisser dans la file de mod\u00e9ration.<\/p>\n<!-- \/wp:paragraph -->\n<!-- wp:paragraph -->\n<p>Pour les comptes qui s\u2019inscrivent sur notre site (le cas \u00e9ch\u00e9ant), nous stockons \u00e9galement les donn\u00e9es personnelles indiqu\u00e9es dans leur profil. Tous les comptes peuvent voir, modifier ou supprimer leurs informations personnelles \u00e0 tout moment (\u00e0 l\u2019exception de leur identifiant). Les gestionnaires du site peuvent aussi voir et modifier ces informations.<\/p>\n<!-- \/wp:paragraph -->\n<!-- wp:heading -->\n<h2 class=\"wp-block-heading\">Les droits que vous avez sur vos donn\u00e9es<\/h2>\n<!-- \/wp:heading -->\n<!-- wp:paragraph -->\n<p><strong class=\"privacy-policy-tutorial\">Texte sugg\u00e9r\u00e9\u00a0: <\/strong>Si vous avez un compte ou si vous avez laiss\u00e9 des commentaires sur le site, vous pouvez demander \u00e0 recevoir un fichier contenant toutes les donn\u00e9es personnelles que nous poss\u00e9dons \u00e0 votre sujet, incluant celles que vous nous avez fournies. Vous pouvez \u00e9galement demander la suppression des donn\u00e9es personnelles vous concernant. Cela ne prend pas en compte les donn\u00e9es stock\u00e9es \u00e0 des fins administratives, l\u00e9gales ou pour des raisons de s\u00e9curit\u00e9.<\/p>\n<!-- \/wp:paragraph -->\n<!-- wp:heading -->\n<h2 class=\"wp-block-heading\">O\u00f9 vos donn\u00e9es sont envoy\u00e9es<\/h2>\n<!-- \/wp:heading -->\n<!-- wp:paragraph -->\n<p><strong class=\"privacy-policy-tutorial\">Texte sugg\u00e9r\u00e9\u00a0: <\/strong>Les commentaires des visiteurs peuvent \u00eatre v\u00e9rifi\u00e9s \u00e0 l\u2019aide d\u2019un service automatis\u00e9 de d\u00e9tection des commentaires ind\u00e9sirables.<\/p>\n<!-- \/wp:paragraph -->\n","_et_gb_content_width":"","footnotes":""},"class_list":["post-417","page","type-page","status-publish","hentry"],"yoast_head":"<!-- This site is optimized with the Yoast SEO plugin v25.8 - https:\/\/yoast.com\/wordpress\/plugins\/seo\/ -->\n<title>Privacy policy - Boitier STA inc<\/title>\n<meta name=\"robots\" content=\"index, follow, max-snippet:-1, max-image-preview:large, max-video-preview:-1\" \/>\n<link rel=\"canonical\" href=\"https:\/\/www.boitiersta.com\/en\/privacy-policy\/\" \/>\n<meta property=\"og:locale\" content=\"en_US\" \/>\n<meta property=\"og:type\" content=\"article\" \/>\n<meta property=\"og:title\" content=\"Privacy policy - Boitier STA inc\" \/>\n<meta property=\"og:description\" content=\"The purpose of this privacy policy is to inform users of our site www.boitiersta.com about the personal data we collect and how we use it. Bo\u00eetiers STA inc. complies strictly with Quebec&#039;s Bill 25 regarding the protection of personal information. This privacy policy also details our commitment and the measures taken to ensure the security [&hellip;]\" \/>\n<meta property=\"og:url\" content=\"https:\/\/www.boitiersta.com\/en\/privacy-policy\/\" \/>\n<meta property=\"og:site_name\" content=\"Boitier STA inc\" \/>\n<meta property=\"article:modified_time\" content=\"2025-05-18T03:57:49+00:00\" \/>\n<meta name=\"twitter:card\" content=\"summary_large_image\" \/>\n<meta name=\"twitter:label1\" content=\"Est. reading time\" \/>\n\t<meta name=\"twitter:data1\" content=\"4 minutes\" \/>\n<script type=\"application\/ld+json\" class=\"yoast-schema-graph\">{\"@context\":\"https:\/\/schema.org\",\"@graph\":[{\"@type\":\"WebPage\",\"@id\":\"https:\/\/www.boitiersta.com\/en\/privacy-policy\/\",\"url\":\"https:\/\/www.boitiersta.com\/en\/privacy-policy\/\",\"name\":\"Privacy policy - Boitier STA inc\",\"isPartOf\":{\"@id\":\"https:\/\/www.boitiersta.com\/en\/#website\"},\"datePublished\":\"2025-04-14T01:56:24+00:00\",\"dateModified\":\"2025-05-18T03:57:49+00:00\",\"breadcrumb\":{\"@id\":\"https:\/\/www.boitiersta.com\/en\/privacy-policy\/#breadcrumb\"},\"inLanguage\":\"en-CA\",\"potentialAction\":[{\"@type\":\"ReadAction\",\"target\":[\"https:\/\/www.boitiersta.com\/en\/privacy-policy\/\"]}]},{\"@type\":\"BreadcrumbList\",\"@id\":\"https:\/\/www.boitiersta.com\/en\/privacy-policy\/#breadcrumb\",\"itemListElement\":[{\"@type\":\"ListItem\",\"position\":1,\"name\":\"Accueil\",\"item\":\"https:\/\/www.boitiersta.com\/en\/\"},{\"@type\":\"ListItem\",\"position\":2,\"name\":\"Privacy policy\"}]},{\"@type\":\"WebSite\",\"@id\":\"https:\/\/www.boitiersta.com\/en\/#website\",\"url\":\"https:\/\/www.boitiersta.com\/en\/\",\"name\":\"Boitier STA inc\",\"description\":\"\",\"potentialAction\":[{\"@type\":\"SearchAction\",\"target\":{\"@type\":\"EntryPoint\",\"urlTemplate\":\"https:\/\/www.boitiersta.com\/en\/?s={search_term_string}\"},\"query-input\":{\"@type\":\"PropertyValueSpecification\",\"valueRequired\":true,\"valueName\":\"search_term_string\"}}],\"inLanguage\":\"en-CA\"}]}<\/script>\n<!-- \/ Yoast SEO plugin. -->","yoast_head_json":{"title":"Privacy policy - Boitier STA inc","robots":{"index":"index","follow":"follow","max-snippet":"max-snippet:-1","max-image-preview":"max-image-preview:large","max-video-preview":"max-video-preview:-1"},"canonical":"https:\/\/www.boitiersta.com\/en\/privacy-policy\/","og_locale":"en_US","og_type":"article","og_title":"Privacy policy - Boitier STA inc","og_description":"The purpose of this privacy policy is to inform users of our site www.boitiersta.com about the personal data we collect and how we use it. Bo\u00eetiers STA inc. complies strictly with Quebec's Bill 25 regarding the protection of personal information. This privacy policy also details our commitment and the measures taken to ensure the security [&hellip;]","og_url":"https:\/\/www.boitiersta.com\/en\/privacy-policy\/","og_site_name":"Boitier STA inc","article_modified_time":"2025-05-18T03:57:49+00:00","twitter_card":"summary_large_image","twitter_misc":{"Est. reading time":"4 minutes"},"schema":{"@context":"https:\/\/schema.org","@graph":[{"@type":"WebPage","@id":"https:\/\/www.boitiersta.com\/en\/privacy-policy\/","url":"https:\/\/www.boitiersta.com\/en\/privacy-policy\/","name":"Privacy policy - Boitier STA inc","isPartOf":{"@id":"https:\/\/www.boitiersta.com\/en\/#website"},"datePublished":"2025-04-14T01:56:24+00:00","dateModified":"2025-05-18T03:57:49+00:00","breadcrumb":{"@id":"https:\/\/www.boitiersta.com\/en\/privacy-policy\/#breadcrumb"},"inLanguage":"en-CA","potentialAction":[{"@type":"ReadAction","target":["https:\/\/www.boitiersta.com\/en\/privacy-policy\/"]}]},{"@type":"BreadcrumbList","@id":"https:\/\/www.boitiersta.com\/en\/privacy-policy\/#breadcrumb","itemListElement":[{"@type":"ListItem","position":1,"name":"Accueil","item":"https:\/\/www.boitiersta.com\/en\/"},{"@type":"ListItem","position":2,"name":"Privacy policy"}]},{"@type":"WebSite","@id":"https:\/\/www.boitiersta.com\/en\/#website","url":"https:\/\/www.boitiersta.com\/en\/","name":"Boitier STA inc","description":"","potentialAction":[{"@type":"SearchAction","target":{"@type":"EntryPoint","urlTemplate":"https:\/\/www.boitiersta.com\/en\/?s={search_term_string}"},"query-input":{"@type":"PropertyValueSpecification","valueRequired":true,"valueName":"search_term_string"}}],"inLanguage":"en-CA"}]}},"_links":{"self":[{"href":"https:\/\/www.boitiersta.com\/en\/wp-json\/wp\/v2\/pages\/417","targetHints":{"allow":["GET"]}}],"collection":[{"href":"https:\/\/www.boitiersta.com\/en\/wp-json\/wp\/v2\/pages"}],"about":[{"href":"https:\/\/www.boitiersta.com\/en\/wp-json\/wp\/v2\/types\/page"}],"author":[{"embeddable":true,"href":"https:\/\/www.boitiersta.com\/en\/wp-json\/wp\/v2\/users\/1"}],"replies":[{"embeddable":true,"href":"https:\/\/www.boitiersta.com\/en\/wp-json\/wp\/v2\/comments?post=417"}],"version-history":[{"count":3,"href":"https:\/\/www.boitiersta.com\/en\/wp-json\/wp\/v2\/pages\/417\/revisions"}],"predecessor-version":[{"id":422,"href":"https:\/\/www.boitiersta.com\/en\/wp-json\/wp\/v2\/pages\/417\/revisions\/422"}],"wp:attachment":[{"href":"https:\/\/www.boitiersta.com\/en\/wp-json\/wp\/v2\/media?parent=417"}],"curies":[{"name":"wp","href":"https:\/\/api.w.org\/{rel}","templated":true}]}}